{"id":25559,"date":"2025-06-27T18:15:58","date_gmt":"2025-06-27T18:15:58","guid":{"rendered":"https:\/\/www.camara.pr.gov\/directory\/"},"modified":"2025-08-06T09:12:56","modified_gmt":"2025-08-06T09:12:56","slug":"directory","status":"publish","type":"page","link":"https:\/\/www.camara.pr.gov\/en\/directory\/","title":{"rendered":"Directory"},"content":{"rendered":"\t\t<div data-elementor-type=\"wp-page\" data-elementor-id=\"25559\" class=\"elementor elementor-25559 elementor-23505\" data-elementor-post-type=\"page\">\n\t\t\t\t<div class=\"elementor-element elementor-element-55ea1e3 e-flex e-con-boxed e-con e-parent\" data-id=\"55ea1e3\" data-element_type=\"container\" data-settings=\"{&quot;background_background&quot;:&quot;classic&quot;}\">\n\t\t\t\t\t<div class=\"e-con-inner\">\n\t\t\t\t<div class=\"elementor-element elementor-element-ef1f2ac elementor-widget elementor-widget-heading\" data-id=\"ef1f2ac\" data-element_type=\"widget\" data-widget_type=\"heading.default\">\n\t\t\t\t<div class=\"elementor-widget-container\">\n\t\t\t\t\t<h2 class=\"elementor-heading-title elementor-size-default\">Directory<\/h2>\t\t\t\t<\/div>\n\t\t\t\t<\/div>\n\t\t\t\t\t<\/div>\n\t\t\t\t<\/div>\n\t\t<div class=\"elementor-element elementor-element-1793287 e-flex e-con-boxed e-con e-parent\" data-id=\"1793287\" data-element_type=\"container\">\n\t\t\t\t\t<div class=\"e-con-inner\">\n\t\t\t\t<div class=\"elementor-element elementor-element-14dd5c8 elementor-widget elementor-widget-html\" data-id=\"14dd5c8\" data-element_type=\"widget\" data-widget_type=\"html.default\">\n\t\t\t\t<div class=\"elementor-widget-container\">\n\t\t\t\t\t<!-- WordPress-compatible Office Directory --><!-- Paste this code in a WordPress Custom HTML block, Page\/Post editor (Text\/HTML mode), or a Text widget --><style>\/* Scoped styles for WordPress compatibility *\/\n    .wp-directory-container {\n        max-width: 1200px;\n        margin: 0 auto;\n        padding: 20px;\n        font-family: -apple-system, BlinkMacSystemFont, \"Segoe UI\", Roboto, sans-serif;\n    }\n    \n    .wp-directory-container * {\n        box-sizing: border-box;\n    }\n    \n    .wp-directory-grid {\n        display: grid;\n        grid-template-columns: repeat(3, 1fr);\n        gap: 20px;\n        margin-top: 20px;\n    }\n    \n    .wp-directory-title {\n        text-align: center;\n        color: #2c3e50;\n        margin-bottom: 30px;\n        font-size: 2em;\n        border-bottom: 3px solid #41776F;\n        padding-bottom: 10px;\n        font-weight: 700;\n        line-height: 1.2;\n    }\n    \n    .wp-office-card {\n        background: #f8f9fa;\n        border-left: 4px solid #41776F;\n        padding: 15px 20px;\n        margin-bottom: 20px;\n        border-radius: 5px;\n        box-shadow: 0 2px 4px rgba(0,0,0,0.1);\n        transition: transform 0.2s, box-shadow 0.2s;\n    }\n    \n    .wp-office-card:hover {\n        transform: translateY(-2px);\n        box-shadow: 0 4px 8px rgba(0,0,0,0.15);\n    }\n    \n    .wp-office-name {\n        font-weight: bold;\n        color: #2c3e50;\n        font-size: 1.2em;\n        margin-bottom: 10px;\n        line-height: 1.4;\n    }\n    \n    .wp-contact-info {\n        line-height: 1.6;\n        color: #555;\n        font-size: 0.95em;\n    }\n    \n    .wp-contact-info a {\n        color: #41776F;\n        text-decoration: none;\n        font-weight: 500;\n    }\n    \n    .wp-contact-info a[href^=\"mailto:\"] {\n        color: #c1ad7b;\n    }\n    \n    .wp-contact-info a:hover {\n        text-decoration: underline;\n    }\n    \n    .wp-location {\n        font-style: italic;\n        color: #7f8c8d;\n        margin-top: 5px;\n        font-size: 0.9em;\n    }\n    \n    \/* Responsive Design *\/\n    @media (max-width: 1024px) {\n        .wp-directory-grid {\n            grid-template-columns: repeat(2, 1fr);\n        }\n    }\n    \n    @media (max-width: 600px) {\n        .wp-directory-container {\n            padding: 10px;\n        }\n        \n        .wp-directory-grid {\n            grid-template-columns: 1fr;\n            gap: 15px;\n        }\n        \n        .wp-office-card {\n            padding: 12px 15px;\n        }\n        \n        .wp-directory-title {\n            font-size: 1.5em;\n        }\n    }\n<\/style>\n```html\n<div class=\"wp-directory-container\">\n  <h2 class=\"wp-directory-title\">Office Directory<\/h2>\n  <div class=\"wp-directory-grid\">\n    <div class=\"wp-office-card\">\n      <div class=\"wp-office-name\">Records and Minutes, Ext. 2188<\/div>\n      <div class=\"wp-contact-info\">\n        Nilmaris Miranda Ruiz<br\/>\n        <a href=\"mailto:nimiranda@camara.pr.gov\">nimiranda@camara.pr.gov<\/a><br\/>\n        <a href=\"tel:787-721-6040\">787-721-6040<\/a>\n        <div class=\"wp-location\">2nd Floor Capitol<\/div>\n      <\/div>\n    <\/div>\n    <div class=\"wp-office-card\">\n      <div class=\"wp-office-name\">Administration, Ext. 3512<\/div>\n      <div class=\"wp-contact-info\">\n        Jos\u00e9 L\u00f3pez<br\/>\n        <a href=\"mailto:jolopez@camara.pr.gov\">jolopez@camara.pr.gov<\/a><br\/>\n        <a href=\"tel:787-721-6040\">787-721-6040<\/a>\n        <div class=\"wp-location\">3rd Floor Tropical Medicine<\/div>\n      <\/div>\n    <\/div>\n    <div class=\"wp-office-card\">\n      <div class=\"wp-office-name\">Legislative and Administrative Document Management, Ext. 3308<\/div>\n      <div class=\"wp-contact-info\">\n        H\u00e9ctor Medina De Jes\u00fas<br\/>\n        <a href=\"mailto:hmedina@camara.pr.gov\">hmedina@camara.pr.gov<\/a><br\/>\n        <a href=\"tel:787-721-6040\">787-721-6040<\/a>\n        <div class=\"wp-location\">Basement Former State Election Commission<\/div>\n      <\/div>\n    <\/div>\n    <div class=\"wp-office-card\">\n      <div class=\"wp-office-name\">Archive, Ext. 2401<\/div>\n      <div class=\"wp-contact-info\">\n        Roberto Negr\u00f3n Figueroa<br\/>\n        <a href=\"mailto:rnegron@camara.pr.gov\">rnegron@camara.pr.gov<\/a><br\/>\n        <a href=\"tel:787-721-6040\">787-721-6040<\/a>\n        <div class=\"wp-location\">Basement Capitol<\/div>\n      <\/div>\n    <\/div>\n    <div class=\"wp-office-card\">\n      <div class=\"wp-office-name\">Presidency Advisors, Ext. 2021<\/div>\n      <div class=\"wp-contact-info\">\n        Attorney Mar\u00eda D. Rull\u00e1n Bidot<br\/>\n        <a href=\"mailto:mrullan@camara.pr.gov\">mrullan@camara.pr.gov<\/a><br\/>\n        <a href=\"tel:787-721-6040\">787-721-6040<\/a>\n        <div class=\"wp-location\">3rd Floor Capitol<\/div>\n      <\/div>\n    <\/div>\n    <div class=\"wp-office-card\">\n      <div class=\"wp-office-name\">Internal Audit, Ext. 1901<\/div>\n      <div class=\"wp-contact-info\">\n        Eduardo Mel\u00e9ndez Cruz<br\/>\n        <a href=\"mailto:edmelendez@camara.pr.gov\">edmelendez@camara.pr.gov<\/a><br\/>\n        <a href=\"tel:787-721-6040\">787-721-6040<\/a>\n        <div class=\"wp-location\">3rd Floor Tropical Medicine<\/div>\n      <\/div>\n    <\/div>\n    <div class=\"wp-office-card\">\n      <div class=\"wp-office-name\">Cable Vision, Ext. 5069<\/div>\n      <div class=\"wp-contact-info\">\n        Juan Soto<br\/>\n        <a href=\"tel:787-721-6040\">787-721-6040<\/a>\n        <div class=\"wp-location\">Basement Capitol<\/div>\n      <\/div>\n    <\/div>\n    <div class=\"wp-office-card\">\n      <div class=\"wp-office-name\">Cafeteria<\/div>\n      <div class=\"wp-contact-info\">\n        FAZAA<br\/>\n        <a href=\"tel:787-725-6958\">787-725-6958<\/a>\n      <\/div>\n    <\/div>\n    <div class=\"wp-office-card\">\n      <div class=\"wp-office-name\">Human Capital, Ext. 2456<\/div>\n      <div class=\"wp-contact-info\">\n        Joana Marrero Ramos<br\/>\n        <a href=\"mailto:jomarrero@camara.pr.gov\">jomarrero@camara.pr.gov<\/a><br\/>\n        <a href=\"tel:787-721-6040\">787-721-6040<\/a>\n        <div class=\"wp-location\">3rd Floor Tropical Medicine<\/div>\n      <\/div>\n    <\/div>\n    <div class=\"wp-office-card\">\n      <div class=\"wp-office-name\">Purchasing and Services, Ext. 3014<\/div>\n      <div class=\"wp-contact-info\">\n        Janet Santiago Osorio<br\/>\n        <a href=\"mailto:jansantiago@camara.pr.gov\">jansantiago@camara.pr.gov<\/a><br\/>\n        <a href=\"tel:787-721-6040\">787-721-6040<\/a>\n        <div class=\"wp-location\">3rd Floor Tropical Medicine<\/div>\n      <\/div>\n    <\/div>\n    <div class=\"wp-office-card\">\n      <div class=\"wp-office-name\">Communications, Ext. 2521<\/div>\n      <div class=\"wp-contact-info\">\n        Julitza Cardona<br\/>\n        <a href=\"mailto:jcardona@camara.pr.gov\">jcardona@camara.pr.gov<\/a><br\/>\n        <a href=\"tel:787-721-6040\">787-721-6040<\/a>\n        <div class=\"wp-location\">Basement Capitol<\/div>\n      <\/div>\n    <\/div>\n    <div class=\"wp-office-card\">\n      <div class=\"wp-office-name\">Contracts, Ext. 3205<\/div>\n      <div class=\"wp-contact-info\">\n        Attorney Olga E. L\u00f3pez Iglesia<br\/>\n        <a href=\"mailto:olopez@camara.pr.gov\">olopez@camara.pr.gov<\/a><br\/>\n        <a href=\"tel:787-721-6040\">787-721-6040<\/a>\n        <div class=\"wp-location\">3rd Floor Tropical Medicine<\/div>\n      <\/div>\n    <\/div>\n    <div class=\"wp-office-card\">\n      <div class=\"wp-office-name\">Session Journal, Ext. 2999<\/div>\n      <div class=\"wp-contact-info\">\n        Israel Matos<br\/>\n        <a href=\"mailto:imatos@camara.pr.gov\">imatos@camara.pr.gov<\/a><br\/>\n        <a href=\"tel:787-721-6040\">787-721-6040<\/a>\n        <div class=\"wp-location\">3rd Floor Tropical Medicine<\/div>\n      <\/div>\n    <\/div>\n    <div class=\"wp-office-card\">\n      <div class=\"wp-office-name\">Puerto Rico Police Station, Ext. 2342<\/div>\n      <div class=\"wp-contact-info\">\n        <a href=\"tel:787-721-6040\">787-721-6040<\/a>\n        <div class=\"wp-location\">1st Floor Tropical Medicine<\/div>\n      <\/div>\n    <\/div>\n    <div class=\"wp-office-card\">\n      <div class=\"wp-office-name\">Legislative Donation<\/div>\n      <div class=\"wp-contact-info\">\n        <a href=\"tel:787-725-2040\">787-725-2040<\/a>\n      <\/div>\n    <\/div>\n    <div class=\"wp-office-card\">\n      <div class=\"wp-office-name\">Nursing<\/div>\n      <div class=\"wp-contact-info\">\n        <a href=\"tel:787-723-4801\">787-723-4801<\/a>\n        <div class=\"wp-location\">First Aid Room<\/div>\n      <\/div>\n    <\/div>\n    <div class=\"wp-office-card\">\n      <div class=\"wp-office-name\">Finance and Budget, Ext. 3037<\/div>\n      <div class=\"wp-contact-info\">\n        Ada C. Flores Santiago<br\/>\n        <a href=\"mailto:Aflores@camara.pr.gov\">Aflores@camara.pr.gov<\/a><br\/>\n        <a href=\"tel:787-721-6040\">787-721-6040<\/a>\n        <div class=\"wp-location\">3rd Floor Tropical Medicine<\/div>\n      <\/div>\n    <\/div>\n    <div class=\"wp-office-card\">\n      <div class=\"wp-office-name\">Recordings, Ext. 2190, 2560<\/div>\n      <div class=\"wp-contact-info\">\n        Manuel V\u00e1zquez<br\/>\n        <a href=\"mailto:mavazquez@camara.pr.gov\">mavazquez@camara.pr.gov<\/a><br\/>\n        <a href=\"tel:787-721-6040\">787-721-6040<\/a>\n        <div class=\"wp-location\">Basement Annex<\/div>\n      <\/div>\n    <\/div>\n    <div class=\"wp-office-card\">\n      <div class=\"wp-office-name\">Document Printing, Ext. 3022<\/div>\n      <div class=\"wp-contact-info\">\n        Gladys Burgos Torres<br\/>\n        <a href=\"mailto:Gburgos@camara.pr.gov\">Gburgos@camara.pr.gov<\/a><br\/>\n        <a href=\"tel:787-721-6040\">787-721-6040<\/a>\n        <div class=\"wp-location\">Basement Capitol<\/div>\n      <\/div>\n    <\/div>\n    <div class=\"wp-office-card\">\n      <div class=\"wp-office-name\">Maintenance, Ext. 3514<\/div>\n      <div class=\"wp-contact-info\">\n        Rafael Quiles<br\/>\n        <a href=\"mailto:rquiles@camara.pr.gov\">rquiles@camara.pr.gov<\/a><br\/>\n        <a href=\"tel:787-721-6040\">787-721-6040<\/a>\n        <div class=\"wp-location\">Basement Annex<\/div>\n      <\/div>\n    <\/div>\n    <div class=\"wp-office-card\">\n      <div class=\"wp-office-name\">Property, Ext. 470, 473<\/div>\n      <div class=\"wp-contact-info\">\n        Benjam\u00edn Oquendo Lorenzana<br\/>\n        <a href=\"mailto:boquendo@camara.pr.gov\">boquendo@camara.pr.gov<\/a><br\/>\n        <a href=\"tel:787-721-6040\">787-721-6040<\/a>\n        <div class=\"wp-location\">1st Floor Former State Election Commission<\/div>\n      <\/div>\n    <\/div>\n    <div class=\"wp-office-card\">\n      <div class=\"wp-office-name\">Protocol and Special Events, Ext. 3220<\/div>\n      <div class=\"wp-contact-info\">\n        Neisha N. Mora P\u00e9rez<br\/>\n        <a href=\"mailto:nmora@camara.pr.gov\">nmora@camara.pr.gov<\/a><br\/>\n        <a href=\"tel:787-721-6040\">787-721-6040<\/a>\n        <div class=\"wp-location\">1st Floor Former State Election Commission<\/div>\n      <\/div>\n    <\/div>\n    <div class=\"wp-office-card\">\n      <div class=\"wp-office-name\">Sergeant at Arms, Ext. 2502<\/div>\n      <div class=\"wp-contact-info\">\n        William Joel Estrada P\u00e9rez<br\/>\n        <a href=\"mailto:westrada@camara.pr.gov\">westrada@camara.pr.gov<\/a><br\/>\n        <a href=\"tel:787-721-6040\">787-721-6040<\/a>\n        <div class=\"wp-location\">2nd Floor Capitol<\/div>\n      <\/div>\n    <\/div>\n    <div class=\"wp-office-card\">\n      <div class=\"wp-office-name\">Secretariat, Ext. 2596<\/div>\n      <div class=\"wp-contact-info\">\n        Alberto Le\u00f3n<br\/>\n        <a href=\"mailto:aleon@camara.pr.gov\">aleon@camara.pr.gov<\/a><br\/>\n        <a href=\"tel:787-721-6040\">787-721-6040<\/a>\n        <div class=\"wp-location\">2nd Floor Capitol<\/div>\n      <\/div>\n    <\/div>\n    <div class=\"wp-office-card\">\n      <div class=\"wp-office-name\">Internal Security Post 3, Ext. 5036<\/div>\n      <div class=\"wp-contact-info\">\n        <a href=\"tel:787-721-6040\">787-721-6040<\/a>\n        <div class=\"wp-location\">Basement Capitol<\/div>\n      <\/div>\n    <\/div>\n    <div class=\"wp-office-card\">\n      <div class=\"wp-office-name\">Puerto Rico Senate<\/div>\n      <div class=\"wp-contact-info\">\n        Senate<br\/>\n        <a href=\"tel:787-724-2030\">787-724-2030<\/a>\n      <\/div>\n    <\/div>\n    <div class=\"wp-office-card\">\n      <div class=\"wp-office-name\">Citizen Services, Ext. 3813<\/div>\n      <div class=\"wp-contact-info\">\n        Sadia R. Mercedes<br\/>\n        <a href=\"mailto:smercedes@camara.pr.gov\">smercedes@camara.pr.gov<\/a><br\/>\n        <a href=\"tel:787-721-6040\">787-721-6040<\/a>\n        <div class=\"wp-location\">3rd Floor Tropical Medicine<\/div>\n      <\/div>\n    <\/div>\n    <div class=\"wp-office-card\">\n      <div class=\"wp-office-name\">General Services, Ext. 2449<\/div>\n      <div class=\"wp-contact-info\">\n        Luis F Maeso Ocasio<br\/>\n        <a href=\"mailto:lmaeso@camara.pr.gov\">lmaeso@camara.pr.gov<\/a><br\/>\n        <a href=\"tel:787-721-6040\">787-721-6040<\/a>\n      <\/div>\n    <\/div>\n    <div class=\"wp-office-card\">\n      <div class=\"wp-office-name\">Legislative Services Office<\/div>\n      <div class=\"wp-contact-info\">\n        Attorney Olga E. L\u00f3pez Iglesia<br\/>\n        <a href=\"mailto:olopez@camara.pr.gov\">olopez@camara.pr.gov<\/a><br\/>\n        <a href=\"tel:787-721-5200\">787-721-5200<\/a>\n        <div class=\"wp-location\">Medical Arts Building<\/div>\n      <\/div>\n    <\/div>\n    <div class=\"wp-office-card\">\n      <div class=\"wp-office-name\">Capitol Superintendency<\/div>\n      <div class=\"wp-contact-info\">\n        Jazm\u00edn Orengo Pacheco<br\/>\n        <a href=\"tel:787-725-6382\">787-725-6382<\/a>\n        <div class=\"wp-location\">Tropical Medicine<\/div>\n      <\/div>\n    <\/div>\n    <div class=\"wp-office-card\">\n      <div class=\"wp-office-name\">Technology and IT, Ext. 2430<\/div>\n      <div class=\"wp-contact-info\">\n        Carlos H. Vega<br\/>\n        <a href=\"mailto:cvega@camara.pr.gov\">cvega@camara.pr.gov<\/a><br\/>\n        <a href=\"tel:787-721-6040\">787-721-6040<\/a>\n        <div class=\"wp-location\">2nd Floor Medical Arts<\/div>\n      <\/div>\n    <\/div>\n    <div class=\"wp-office-card\">\n      <div class=\"wp-office-name\">Faith-Based Office, Ext. 3578<\/div>\n      <div class=\"wp-contact-info\">\n        Pastor Josu\u00e9 Carrillo<br\/>\n        <a href=\"mailto:jocarrillo@camara.pr.gov\">jocarrillo@camara.pr.gov<\/a><br\/>\n        <a href=\"tel:787-721-6040\">787-721-6040<\/a>\n        <div class=\"wp-location\">Tropical Medicine Annex<\/div>\n      <\/div>\n    <\/div>\n  <\/div>\n<\/div>\n```\t\t\t\t<\/div>\n\t\t\t\t<\/div>\n\t\t\t\t\t<\/div>\n\t\t\t\t<\/div>\n\t\t<div class=\"elementor-element elementor-element-f6a3a91 e-flex e-con-boxed e-con e-parent\" data-id=\"f6a3a91\" data-element_type=\"container\">\n\t\t\t\t\t<div class=\"e-con-inner\">\n\t\t\t\t\t<\/div>\n\t\t\t\t<\/div>\n\t\t\t\t<\/div>\n\t\t","protected":false},"excerpt":{"rendered":"<p>Directory &#8220;`html Office Directory Records and Minutes, Ext. 2188 Nilmaris Miranda Ruiz nimiranda@camara.pr.gov 787-721-6040 2nd Floor Capitol Administration, Ext. 3512 Jos\u00e9 L\u00f3pez jolopez@camara.pr.gov 787-721-6040 3rd Floor Tropical Medicine Legislative and Administrative Document Management, Ext. 3308 H\u00e9ctor Medina De Jes\u00fas hmedina@camara.pr.gov 787-721-6040 Basement Former State Election Commission Archive, Ext. 2401 Roberto Negr\u00f3n Figueroa rnegron@camara.pr.gov 787-721-6040 Basement [&hellip;]<\/p>\n","protected":false},"author":1,"featured_media":0,"parent":0,"menu_order":0,"comment_status":"closed","ping_status":"closed","template":"elementor_header_footer","meta":{"_acf_changed":false,"footnotes":""},"class_list":["post-25559","page","type-page","status-publish","hentry"],"acf":[],"_links":{"self":[{"href":"https:\/\/www.camara.pr.gov\/en\/wp-json\/wp\/v2\/pages\/25559","targetHints":{"allow":["GET"]}}],"collection":[{"href":"https:\/\/www.camara.pr.gov\/en\/wp-json\/wp\/v2\/pages"}],"about":[{"href":"https:\/\/www.camara.pr.gov\/en\/wp-json\/wp\/v2\/types\/page"}],"author":[{"embeddable":true,"href":"https:\/\/www.camara.pr.gov\/en\/wp-json\/wp\/v2\/users\/1"}],"replies":[{"embeddable":true,"href":"https:\/\/www.camara.pr.gov\/en\/wp-json\/wp\/v2\/comments?post=25559"}],"version-history":[{"count":4,"href":"https:\/\/www.camara.pr.gov\/en\/wp-json\/wp\/v2\/pages\/25559\/revisions"}],"predecessor-version":[{"id":25565,"href":"https:\/\/www.camara.pr.gov\/en\/wp-json\/wp\/v2\/pages\/25559\/revisions\/25565"}],"wp:attachment":[{"href":"https:\/\/www.camara.pr.gov\/en\/wp-json\/wp\/v2\/media?parent=25559"}],"curies":[{"name":"wp","href":"https:\/\/api.w.org\/{rel}","templated":true}]}}