{"id":25557,"date":"2025-06-30T04:09:27","date_gmt":"2025-06-30T04:09:27","guid":{"rendered":"https:\/\/www.camara.pr.gov\/website-feedback\/"},"modified":"2025-08-06T08:49:22","modified_gmt":"2025-08-06T08:49:22","slug":"website-feedback","status":"publish","type":"page","link":"https:\/\/www.camara.pr.gov\/en\/website-feedback\/","title":{"rendered":"Website Feedback"},"content":{"rendered":"\t\t<div data-elementor-type=\"wp-page\" data-elementor-id=\"25557\" class=\"elementor elementor-25557 elementor-23782\" data-elementor-post-type=\"page\">\n\t\t\t\t<div class=\"elementor-element elementor-element-b1f4baa e-flex e-con-boxed e-con e-parent\" data-id=\"b1f4baa\" data-element_type=\"container\" data-settings=\"{&quot;background_background&quot;:&quot;classic&quot;}\">\n\t\t\t\t\t<div class=\"e-con-inner\">\n\t\t\t\t<div class=\"elementor-element elementor-element-ff20d1d elementor-widget elementor-widget-heading\" data-id=\"ff20d1d\" data-element_type=\"widget\" data-widget_type=\"heading.default\">\n\t\t\t\t<div class=\"elementor-widget-container\">\n\t\t\t\t\t<h2 class=\"elementor-heading-title elementor-size-default\">Feedback<\/h2>\t\t\t\t<\/div>\n\t\t\t\t<\/div>\n\t\t\t\t\t<\/div>\n\t\t\t\t<\/div>\n\t\t<div class=\"elementor-element elementor-element-73cbee9 e-flex e-con-boxed e-con e-parent\" data-id=\"73cbee9\" data-element_type=\"container\">\n\t\t\t\t\t<div class=\"e-con-inner\">\n\t\t<div class=\"elementor-element elementor-element-70d955d e-con-full e-flex e-con e-child\" data-id=\"70d955d\" data-element_type=\"container\">\n\t\t\t\t<div class=\"elementor-element elementor-element-f221e03 elementor-widget elementor-widget-wpforms\" data-id=\"f221e03\" data-element_type=\"widget\" data-widget_type=\"wpforms.default\">\n\t\t\t\t<div class=\"elementor-widget-container\">\n\t\t\t\t\t<div class=\"wpforms-container wpforms-container-full wpforms-render-modern\" id=\"wpforms-23748\"><form id=\"wpforms-form-23748\" class=\"wpforms-validate wpforms-form wpforms-ajax-form\" data-formid=\"23748\" method=\"post\" enctype=\"multipart\/form-data\" action=\"\/en\/wp-json\/wp\/v2\/pages\/25557\" data-token=\"0f49143d5960e2042b051d4a2a68f7b2\" data-token-time=\"1778695817\"><noscript class=\"wpforms-error-noscript\">Please enable JavaScript in your browser to complete this form.<\/noscript><div class=\"wpforms-hidden\" id=\"wpforms-error-noscript\">Please enable JavaScript in your browser to complete this form.<\/div><div class=\"wpforms-field-container\"><div id=\"wpforms-23748-field_2-container\" class=\"wpforms-field wpforms-field-radio\" data-field-id=\"2\"><fieldset><legend class=\"wpforms-field-label\">How often do you visit our website?<\/legend><ul id=\"wpforms-23748-field_2\"><li class=\"choice-1 depth-1\"><input type=\"radio\" id=\"wpforms-23748-field_2_1\" name=\"wpforms[fields][2]\" value=\"First time\" aria-errormessage=\"wpforms-23748-field_2_1-error\"  ><label class=\"wpforms-field-label-inline\" for=\"wpforms-23748-field_2_1\">First time<\/label><\/li><li class=\"choice-2 depth-1\"><input type=\"radio\" id=\"wpforms-23748-field_2_2\" name=\"wpforms[fields][2]\" value=\"Occasionally\" aria-errormessage=\"wpforms-23748-field_2_2-error\"  ><label class=\"wpforms-field-label-inline\" for=\"wpforms-23748-field_2_2\">Occasionally<\/label><\/li><li class=\"choice-3 depth-1\"><input type=\"radio\" id=\"wpforms-23748-field_2_3\" name=\"wpforms[fields][2]\" value=\"Regularly\" aria-errormessage=\"wpforms-23748-field_2_3-error\"  ><label class=\"wpforms-field-label-inline\" for=\"wpforms-23748-field_2_3\">Regularly<\/label><\/li><li class=\"choice-4 depth-1\"><input type=\"radio\" id=\"wpforms-23748-field_2_4\" name=\"wpforms[fields][2]\" value=\"daily\" aria-errormessage=\"wpforms-23748-field_2_4-error\"  ><label class=\"wpforms-field-label-inline\" for=\"wpforms-23748-field_2_4\">daily<\/label><\/li><\/ul><\/fieldset><\/div>\t\t<div id=\"wpforms-23748-field_1-container\"\n\t\t\tclass=\"wpforms-field wpforms-field-text\"\n\t\t\tdata-field-type=\"text\"\n\t\t\tdata-field-id=\"1\"\n\t\t\t>\n\t\t\t<label class=\"wpforms-field-label\" for=\"wpforms-23748-field_1\" >visit you what<\/label>\n\t\t\t<input type=\"text\" id=\"wpforms-23748-field_1\" class=\"wpforms-field-medium\" name=\"wpforms[fields][1]\" >\n\t\t<\/div>\n\t\t<div id=\"wpforms-23748-field_3-container\" class=\"wpforms-field wpforms-field-radio\" data-field-id=\"3\"><fieldset><legend class=\"wpforms-field-label\">How easy was it to navigate camara.pr.gov?<\/legend><ul id=\"wpforms-23748-field_3\"><li class=\"choice-1 depth-1\"><input type=\"radio\" id=\"wpforms-23748-field_3_1\" name=\"wpforms[fields][3]\" value=\"Very easy\" aria-errormessage=\"wpforms-23748-field_3_1-error\"  ><label class=\"wpforms-field-label-inline\" for=\"wpforms-23748-field_3_1\">Very easy<\/label><\/li><li class=\"choice-2 depth-1\"><input type=\"radio\" id=\"wpforms-23748-field_3_2\" name=\"wpforms[fields][3]\" value=\"Easy\" aria-errormessage=\"wpforms-23748-field_3_2-error\"  ><label class=\"wpforms-field-label-inline\" for=\"wpforms-23748-field_3_2\">Easy<\/label><\/li><li class=\"choice-3 depth-1\"><input type=\"radio\" id=\"wpforms-23748-field_3_3\" name=\"wpforms[fields][3]\" value=\"Difficult\" aria-errormessage=\"wpforms-23748-field_3_3-error\"  ><label class=\"wpforms-field-label-inline\" for=\"wpforms-23748-field_3_3\">Difficult<\/label><\/li><li class=\"choice-4 depth-1\"><input type=\"radio\" id=\"wpforms-23748-field_3_4\" name=\"wpforms[fields][3]\" value=\"Very difficult\" aria-errormessage=\"wpforms-23748-field_3_4-error\"  ><label class=\"wpforms-field-label-inline\" for=\"wpforms-23748-field_3_4\">Very difficult<\/label><\/li><\/ul><\/fieldset><\/div><div id=\"wpforms-23748-field_4-container\" class=\"wpforms-field wpforms-field-radio\" data-field-id=\"4\"><fieldset><legend class=\"wpforms-field-label\">Did you find what you were looking for?<\/legend><ul id=\"wpforms-23748-field_4\"><li class=\"choice-1 depth-1\"><input type=\"radio\" id=\"wpforms-23748-field_4_1\" name=\"wpforms[fields][4]\" value=\"Yes\" aria-errormessage=\"wpforms-23748-field_4_1-error\"  ><label class=\"wpforms-field-label-inline\" for=\"wpforms-23748-field_4_1\">Yes<\/label><\/li><li class=\"choice-2 depth-1\"><input type=\"radio\" id=\"wpforms-23748-field_4_2\" name=\"wpforms[fields][4]\" value=\"No\" aria-errormessage=\"wpforms-23748-field_4_2-error\"  ><label class=\"wpforms-field-label-inline\" for=\"wpforms-23748-field_4_2\">No<\/label><\/li><li class=\"choice-3 depth-1\"><input type=\"radio\" id=\"wpforms-23748-field_4_3\" name=\"wpforms[fields][4]\" value=\"Partially\" aria-errormessage=\"wpforms-23748-field_4_3-error\"  ><label class=\"wpforms-field-label-inline\" for=\"wpforms-23748-field_4_3\">Partially<\/label><\/li><\/ul><\/fieldset><\/div><div id=\"wpforms-23748-field_5-container\" class=\"wpforms-field wpforms-field-textarea\" data-field-id=\"5\"><label class=\"wpforms-field-label\" for=\"wpforms-23748-field_5\">Comments<\/label><textarea id=\"wpforms-23748-field_5\" class=\"wpforms-field-medium\" name=\"wpforms[fields][5]\" aria-errormessage=\"wpforms-23748-field_5-error\" ><\/textarea><\/div><script>\n\t\t\t\t( function() {\n\t\t\t\t\tconst style = document.createElement( 'style' );\n\t\t\t\t\tstyle.appendChild( document.createTextNode( '#wpforms-23748-field_1-container { position: absolute !important; overflow: hidden !important; display: inline !important; height: 1px !important; width: 1px !important; z-index: -1000 !important; padding: 0 !important; } #wpforms-23748-field_1-container input { visibility: hidden; } #wpforms-conversational-form-page #wpforms-23748-field_1-container label { counter-increment: none; }' ) );\n\t\t\t\t\tdocument.head.appendChild( style );\n\t\t\t\t\tdocument.currentScript?.remove();\n\t\t\t\t} )();\n\t\t\t<\/script><\/div><!-- .wpforms-field-container --><div class=\"wpforms-submit-container\" ><input type=\"hidden\" name=\"wpforms[id]\" value=\"23748\"><input type=\"hidden\" name=\"page_title\" value=\"\"><input type=\"hidden\" name=\"page_url\" value=\"https:\/\/www.camara.pr.gov\/en\/wp-json\/wp\/v2\/pages\/25557\"><input type=\"hidden\" name=\"url_referer\" value=\"\"><button type=\"submit\" name=\"wpforms[submit]\" id=\"wpforms-submit-23748\" class=\"wpforms-submit\" data-alt-text=\"Sending...\" data-submit-text=\"Submit\" aria-live=\"assertive\" value=\"wpforms-submit\">Submit<\/button><img decoding=\"async\" src=\"https:\/\/www.camara.pr.gov\/wp-content\/plugins\/wpforms-lite\/assets\/images\/submit-spin.svg\" class=\"wpforms-submit-spinner\" style=\"display: none;\" width=\"26\" height=\"26\" alt=\"Loading\"><\/div><\/form><\/div>  <!-- .wpforms-container -->\t\t\t\t<\/div>\n\t\t\t\t<\/div>\n\t\t\t\t<\/div>\n\t\t\t\t\t<\/div>\n\t\t\t\t<\/div>\n\t\t<div class=\"elementor-element elementor-element-2f5365e e-flex e-con-boxed e-con e-parent\" data-id=\"2f5365e\" data-element_type=\"container\">\n\t\t\t\t\t<div class=\"e-con-inner\">\n\t\t\t\t\t<\/div>\n\t\t\t\t<\/div>\n\t\t\t\t<\/div>\n\t\t","protected":false},"excerpt":{"rendered":"<p>Feedback Por favor, activa JavaScript en tu navegador para completar este formulario.Por favor, activa JavaScript en tu navegador para completar este formulario. navegar sitio buscando? \u00bfCon qu\u00e9 frecuencia visitas nuestro sitio web? Primera vez Ocasionalmente Regularmente A diario \u00bfQu\u00e9 tan f\u00e1cil fue navegar por camara.pr.gov? Muy f\u00e1cil F\u00e1cil Dif\u00edcil Muy dif\u00edcil \u00bfEncontraste lo que estabas [&hellip;]<\/p>\n","protected":false},"author":1,"featured_media":0,"parent":0,"menu_order":0,"comment_status":"closed","ping_status":"closed","template":"elementor_header_footer","meta":{"_acf_changed":false,"footnotes":""},"class_list":["post-25557","page","type-page","status-publish","hentry"],"acf":[],"_links":{"self":[{"href":"https:\/\/www.camara.pr.gov\/en\/wp-json\/wp\/v2\/pages\/25557","targetHints":{"allow":["GET"]}}],"collection":[{"href":"https:\/\/www.camara.pr.gov\/en\/wp-json\/wp\/v2\/pages"}],"about":[{"href":"https:\/\/www.camara.pr.gov\/en\/wp-json\/wp\/v2\/types\/page"}],"author":[{"embeddable":true,"href":"https:\/\/www.camara.pr.gov\/en\/wp-json\/wp\/v2\/users\/1"}],"replies":[{"embeddable":true,"href":"https:\/\/www.camara.pr.gov\/en\/wp-json\/wp\/v2\/comments?post=25557"}],"version-history":[{"count":1,"href":"https:\/\/www.camara.pr.gov\/en\/wp-json\/wp\/v2\/pages\/25557\/revisions"}],"predecessor-version":[{"id":25558,"href":"https:\/\/www.camara.pr.gov\/en\/wp-json\/wp\/v2\/pages\/25557\/revisions\/25558"}],"wp:attachment":[{"href":"https:\/\/www.camara.pr.gov\/en\/wp-json\/wp\/v2\/media?parent=25557"}],"curies":[{"name":"wp","href":"https:\/\/api.w.org\/{rel}","templated":true}]}}